{"id":100,"date":"2023-10-17T19:30:46","date_gmt":"2023-10-17T17:30:46","guid":{"rendered":"https:\/\/expo.porhy-potion.com\/?post_type=product&#038;p=100"},"modified":"2025-01-29T11:09:34","modified_gmt":"2025-01-29T10:09:34","slug":"blueberry-pomegranate-potion","status":"publish","type":"product","link":"https:\/\/porhy-potion.com\/fr\/produit\/blueberry-pomegranate-potion\/","title":{"rendered":"Blueberry Pomegranate Potion"},"content":{"rendered":"<h2>Ingr\u00e9dients<\/h2>\n<p>Eau de source fran\u00e7aise, vinaigre de cidre de pomme* (5%), concentr\u00e9 de jus de pomme*, jus de citron* (4%), jus de myrtille*, jus de grenade*, ar\u00f4me naturel de grenade, ar\u00f4me naturel de myrtille.<br \/>\n*issu de l'agriculture biologique<\/p>","protected":false},"excerpt":{"rendered":"<p>Le Duo Dynamique pour les \u00c2mes Actives. Lib\u00e9rez une fusion de saveur et de sant\u00e9 avec nos Potions de myrtille et de grenade ! Ensemble, elles cr\u00e9ent une boisson d\u00e9licieusement puissante qui \u00e9nergise le corps et l'esprit, rendant le bien-\u00eatre irr\u00e9sistiblement savoureux!<\/p>","protected":false},"featured_media":1881,"template":"","meta":{"_acf_changed":false},"product_brand":[],"product_cat":[16],"product_tag":[],"class_list":{"0":"post-100","1":"product","2":"type-product","3":"status-publish","4":"has-post-thumbnail","6":"product_cat-uncategorized","8":"first","9":"instock","10":"taxable","11":"shipping-taxable","12":"purchasable","13":"product-type-simple"},"acf":[],"_links":{"self":[{"href":"https:\/\/porhy-potion.com\/fr\/wp-json\/wp\/v2\/product\/100","targetHints":{"allow":["GET"]}}],"collection":[{"href":"https:\/\/porhy-potion.com\/fr\/wp-json\/wp\/v2\/product"}],"about":[{"href":"https:\/\/porhy-potion.com\/fr\/wp-json\/wp\/v2\/types\/product"}],"version-history":[{"count":55,"href":"https:\/\/porhy-potion.com\/fr\/wp-json\/wp\/v2\/product\/100\/revisions"}],"predecessor-version":[{"id":3443,"href":"https:\/\/porhy-potion.com\/fr\/wp-json\/wp\/v2\/product\/100\/revisions\/3443"}],"wp:featuredmedia":[{"embeddable":true,"href":"https:\/\/porhy-potion.com\/fr\/wp-json\/wp\/v2\/media\/1881"}],"wp:attachment":[{"href":"https:\/\/porhy-potion.com\/fr\/wp-json\/wp\/v2\/media?parent=100"}],"wp:term":[{"taxonomy":"product_brand","embeddable":true,"href":"https:\/\/porhy-potion.com\/fr\/wp-json\/wp\/v2\/product_brand?post=100"},{"taxonomy":"product_cat","embeddable":true,"href":"https:\/\/porhy-potion.com\/fr\/wp-json\/wp\/v2\/product_cat?post=100"},{"taxonomy":"product_tag","embeddable":true,"href":"https:\/\/porhy-potion.com\/fr\/wp-json\/wp\/v2\/product_tag?post=100"}],"curies":[{"name":"wp","href":"https:\/\/api.w.org\/{rel}","templated":true}]}}