{"id":94,"date":"2023-10-17T19:11:41","date_gmt":"2023-10-17T17:11:41","guid":{"rendered":"https:\/\/expo.porhy-potion.com\/?post_type=product&#038;p=94"},"modified":"2025-01-29T11:07:13","modified_gmt":"2025-01-29T10:07:13","slug":"acv-intense","status":"publish","type":"product","link":"https:\/\/porhy-potion.com\/fr\/produit\/acv-intense\/","title":{"rendered":"ACV intense"},"content":{"rendered":"<h2>Ingr\u00e9dients<\/h2>\n<p>Eau de source fran\u00e7aise, vinaigre de cidre* (8 %), jus de citron* (4 %), infusion de gingembre fran\u00e7ais* (eau, gingembre* (origine : France), jus de citron*), extrait de gingembre, extrait de curcuma.<br \/>\n*issu de l'agriculture biologique<\/p>","protected":false},"excerpt":{"rendered":"<p>Con\u00e7u pour ces moments o\u00f9 vous avez besoin d'un coup de pouce digestif et d'un \u00e9lan de sant\u00e9. Ce puissant shot tire parti des incroyables bienfaits du vinaigre de cidre de pomme, connu pour aider \u00e0 la digestion et au m\u00e9tabolisme.<\/p>","protected":false},"featured_media":1878,"template":"","meta":{"_acf_changed":false},"product_brand":[],"product_cat":[16],"product_tag":[],"class_list":{"0":"post-94","1":"product","2":"type-product","3":"status-publish","4":"has-post-thumbnail","6":"product_cat-uncategorized","8":"first","9":"outofstock","10":"taxable","11":"shipping-taxable","12":"purchasable","13":"product-type-simple"},"acf":[],"_links":{"self":[{"href":"https:\/\/porhy-potion.com\/fr\/wp-json\/wp\/v2\/product\/94","targetHints":{"allow":["GET"]}}],"collection":[{"href":"https:\/\/porhy-potion.com\/fr\/wp-json\/wp\/v2\/product"}],"about":[{"href":"https:\/\/porhy-potion.com\/fr\/wp-json\/wp\/v2\/types\/product"}],"version-history":[{"count":60,"href":"https:\/\/porhy-potion.com\/fr\/wp-json\/wp\/v2\/product\/94\/revisions"}],"predecessor-version":[{"id":3440,"href":"https:\/\/porhy-potion.com\/fr\/wp-json\/wp\/v2\/product\/94\/revisions\/3440"}],"wp:featuredmedia":[{"embeddable":true,"href":"https:\/\/porhy-potion.com\/fr\/wp-json\/wp\/v2\/media\/1878"}],"wp:attachment":[{"href":"https:\/\/porhy-potion.com\/fr\/wp-json\/wp\/v2\/media?parent=94"}],"wp:term":[{"taxonomy":"product_brand","embeddable":true,"href":"https:\/\/porhy-potion.com\/fr\/wp-json\/wp\/v2\/product_brand?post=94"},{"taxonomy":"product_cat","embeddable":true,"href":"https:\/\/porhy-potion.com\/fr\/wp-json\/wp\/v2\/product_cat?post=94"},{"taxonomy":"product_tag","embeddable":true,"href":"https:\/\/porhy-potion.com\/fr\/wp-json\/wp\/v2\/product_tag?post=94"}],"curies":[{"name":"wp","href":"https:\/\/api.w.org\/{rel}","templated":true}]}}