{"id":96,"date":"2023-10-17T19:22:27","date_gmt":"2023-10-17T17:22:27","guid":{"rendered":"https:\/\/expo.porhy-potion.com\/?post_type=product&#038;p=96"},"modified":"2025-01-29T11:09:19","modified_gmt":"2025-01-29T10:09:19","slug":"ginger-turmeric-potion","status":"publish","type":"product","link":"https:\/\/porhy-potion.com\/fr\/produit\/ginger-turmeric-potion\/","title":{"rendered":"Ginger Turmeric Potion"},"content":{"rendered":"<h2>Ingr\u00e9dients<\/h2>\n<p>Eau de source fran\u00e7aise, vinaigre de cidre de pomme* (5 %), concentr\u00e9 de jus de pomme*, jus de citron* (4 %), infusion de gingembre fran\u00e7ais* (eau, gingembre* (origine : France), jus de citron*), extrait de gingembre, extrait de curcuma. *issu de l'agriculture biologique<\/p>","protected":false},"excerpt":{"rendered":"<p>Embrassez l'essence du gingembre et du curcuma biologiques fran\u00e7ais : une fusion de saveurs pour le bien-\u00eatre. Notre gingembre, connu pour son ging\u00e9rol vibrant, s'harmonise avec le curcumine du curcuma pour offrir un voyage rafra\u00eechissant de go\u00fbt et de vitalit\u00e9.<\/p>","protected":false},"featured_media":1879,"template":"","meta":{"_acf_changed":false},"product_brand":[],"product_cat":[16],"product_tag":[],"class_list":{"0":"post-96","1":"product","2":"type-product","3":"status-publish","4":"has-post-thumbnail","6":"product_cat-uncategorized","8":"first","9":"instock","10":"taxable","11":"shipping-taxable","12":"purchasable","13":"product-type-simple"},"acf":[],"_links":{"self":[{"href":"https:\/\/porhy-potion.com\/fr\/wp-json\/wp\/v2\/product\/96","targetHints":{"allow":["GET"]}}],"collection":[{"href":"https:\/\/porhy-potion.com\/fr\/wp-json\/wp\/v2\/product"}],"about":[{"href":"https:\/\/porhy-potion.com\/fr\/wp-json\/wp\/v2\/types\/product"}],"version-history":[{"count":100,"href":"https:\/\/porhy-potion.com\/fr\/wp-json\/wp\/v2\/product\/96\/revisions"}],"predecessor-version":[{"id":3441,"href":"https:\/\/porhy-potion.com\/fr\/wp-json\/wp\/v2\/product\/96\/revisions\/3441"}],"wp:featuredmedia":[{"embeddable":true,"href":"https:\/\/porhy-potion.com\/fr\/wp-json\/wp\/v2\/media\/1879"}],"wp:attachment":[{"href":"https:\/\/porhy-potion.com\/fr\/wp-json\/wp\/v2\/media?parent=96"}],"wp:term":[{"taxonomy":"product_brand","embeddable":true,"href":"https:\/\/porhy-potion.com\/fr\/wp-json\/wp\/v2\/product_brand?post=96"},{"taxonomy":"product_cat","embeddable":true,"href":"https:\/\/porhy-potion.com\/fr\/wp-json\/wp\/v2\/product_cat?post=96"},{"taxonomy":"product_tag","embeddable":true,"href":"https:\/\/porhy-potion.com\/fr\/wp-json\/wp\/v2\/product_tag?post=96"}],"curies":[{"name":"wp","href":"https:\/\/api.w.org\/{rel}","templated":true}]}}