{"id":98,"date":"2023-10-17T19:28:42","date_gmt":"2023-10-17T17:28:42","guid":{"rendered":"https:\/\/expo.porhy-potion.com\/?post_type=product&#038;p=98"},"modified":"2025-01-29T11:09:26","modified_gmt":"2025-01-29T10:09:26","slug":"hibiscus-rose-tea-potion","status":"publish","type":"product","link":"https:\/\/porhy-potion.com\/fr\/produit\/hibiscus-rose-tea-potion\/","title":{"rendered":"Hibiscus &#038; Rose Tea Potion"},"content":{"rendered":"<h2>Ingr\u00e9dients<\/h2>\n<p>Eau de source fran\u00e7aise, vinaigre de cidre de pomme* (5%), concentr\u00e9 de jus de pomme*, jus de citron* (4%), infusion d'hibiscus* (eau, hibiscus*), infusion de rose* (eau, rose*, jus de citron*), ar\u00f4me naturel de rose*.<br \/>\n*issu de l'agriculture biologique<\/p>","protected":false},"excerpt":{"rendered":"<p>Exp\u00e9rimentez l'essence du bien-\u00eatre avec notre Potion de th\u00e9 hibiscus et rose. Ils cr\u00e9ent un m\u00e9lange antioxydant harmonieux qui apaise non seulement le corps mais soutient \u00e9galement l'\u00e9quilibre hormonal, offrant un chemin rafra\u00eechissant vers une sant\u00e9 holistique.<\/p>","protected":false},"featured_media":1880,"template":"","meta":{"_acf_changed":false},"product_brand":[],"product_cat":[16],"product_tag":[],"class_list":{"0":"post-98","1":"product","2":"type-product","3":"status-publish","4":"has-post-thumbnail","6":"product_cat-uncategorized","8":"first","9":"instock","10":"taxable","11":"shipping-taxable","12":"purchasable","13":"product-type-simple"},"acf":[],"_links":{"self":[{"href":"https:\/\/porhy-potion.com\/fr\/wp-json\/wp\/v2\/product\/98","targetHints":{"allow":["GET"]}}],"collection":[{"href":"https:\/\/porhy-potion.com\/fr\/wp-json\/wp\/v2\/product"}],"about":[{"href":"https:\/\/porhy-potion.com\/fr\/wp-json\/wp\/v2\/types\/product"}],"version-history":[{"count":44,"href":"https:\/\/porhy-potion.com\/fr\/wp-json\/wp\/v2\/product\/98\/revisions"}],"predecessor-version":[{"id":3442,"href":"https:\/\/porhy-potion.com\/fr\/wp-json\/wp\/v2\/product\/98\/revisions\/3442"}],"wp:featuredmedia":[{"embeddable":true,"href":"https:\/\/porhy-potion.com\/fr\/wp-json\/wp\/v2\/media\/1880"}],"wp:attachment":[{"href":"https:\/\/porhy-potion.com\/fr\/wp-json\/wp\/v2\/media?parent=98"}],"wp:term":[{"taxonomy":"product_brand","embeddable":true,"href":"https:\/\/porhy-potion.com\/fr\/wp-json\/wp\/v2\/product_brand?post=98"},{"taxonomy":"product_cat","embeddable":true,"href":"https:\/\/porhy-potion.com\/fr\/wp-json\/wp\/v2\/product_cat?post=98"},{"taxonomy":"product_tag","embeddable":true,"href":"https:\/\/porhy-potion.com\/fr\/wp-json\/wp\/v2\/product_tag?post=98"}],"curies":[{"name":"wp","href":"https:\/\/api.w.org\/{rel}","templated":true}]}}